{"id":1322,"date":"2022-08-09T12:01:59","date_gmt":"2022-08-09T10:01:59","guid":{"rendered":"https:\/\/visionaid.ch\/imprint\/"},"modified":"2023-02-22T12:01:12","modified_gmt":"2023-02-22T11:01:12","slug":"imprint","status":"publish","type":"page","link":"https:\/\/visionaid.ch\/en\/imprint\/","title":{"rendered":"Legal Notice"},"content":{"rendered":"\t\t<div data-elementor-type=\"wp-page\" data-elementor-id=\"1322\" class=\"elementor elementor-1322 elementor-254\" data-elementor-post-type=\"page\">\n\t\t\t\t\t\t<section class=\"elementor-section elementor-top-section elementor-element elementor-element-d06cb68 elementor-section-height-min-height elementor-section-items-top elementor-section-boxed elementor-section-height-default\" data-id=\"d06cb68\" data-element_type=\"section\" data-settings=\"{&quot;background_background&quot;:&quot;classic&quot;}\">\n\t\t\t\t\t\t\t<div class=\"elementor-background-overlay\"><\/div>\n\t\t\t\t\t\t\t<div class=\"elementor-container elementor-column-gap-default\">\n\t\t\t\t\t<div class=\"elementor-column elementor-col-100 elementor-top-column elementor-element elementor-element-5417812\" data-id=\"5417812\" data-element_type=\"column\">\n\t\t\t<div class=\"elementor-widget-wrap elementor-element-populated\">\n\t\t\t\t\t\t<div class=\"elementor-element elementor-element-4a788f9 elementor-widget elementor-widget-heading\" data-id=\"4a788f9\" data-element_type=\"widget\" data-widget_type=\"heading.default\">\n\t\t\t\t\t<h1 class=\"elementor-heading-title elementor-size-default\">Legal Notice<\/h1>\t\t\t\t<\/div>\n\t\t\t\t\t<\/div>\n\t\t<\/div>\n\t\t\t\t\t<\/div>\n\t\t<\/section>\n\t\t\t\t<section class=\"elementor-section elementor-top-section elementor-element elementor-element-bd4e869 elementor-section-boxed elementor-section-height-default elementor-section-height-default\" data-id=\"bd4e869\" data-element_type=\"section\">\n\t\t\t\t\t\t<div class=\"elementor-container elementor-column-gap-default\">\n\t\t\t\t\t<div class=\"elementor-column elementor-col-100 elementor-top-column elementor-element elementor-element-8b79888\" data-id=\"8b79888\" data-element_type=\"column\">\n\t\t\t<div class=\"elementor-widget-wrap elementor-element-populated\">\n\t\t\t\t\t\t<div class=\"elementor-element elementor-element-cb308b2 elementor-widget elementor-widget-text-editor\" data-id=\"cb308b2\" data-element_type=\"widget\" data-widget_type=\"text-editor.default\">\n\t\t\t\t\t\t\t\t\t<p><strong>Responsible for the content of this website<br \/><\/strong>Vision Aid Suisse Foundation<\/p>\n<p><strong>Foundation headquarters<br \/><\/strong>Lauriedstrasse 1<br \/>CH-6300 Zug<br \/>E-Mail: <a href=\"mailto:mail@visionaid.ch\">mail@visionaid.ch<\/a><\/p>\n<p><strong>Mitglieder des Stiftungsrats:<br \/><\/strong>Herr Dr. Peter Schie\u00dfl (Pr\u00e4sident)<br \/>Frau Tanja Spiegel<br \/>Herr Richard Zoni<br \/>Herr Marco Sala<br \/>Herr Max Belevics<\/p>\n<p><strong>Haftung<br \/><\/strong>Obwohl die Stiftung mit aller Sorgfalt auf die Richtigkeit der ver\u00f6ffentlichten Informationen achtet, kann hinsichtlich der inhaltlichen Richtigkeit, Genauigkeit, Aktualit\u00e4t, Zuverl\u00e4ssigkeit und Vollst\u00e4ndigkeit dieser Informationen keine Gew\u00e4hrleistung \u00fcbernommen werden.<\/p>\n<p>Die Stiftung beh\u00e4lt sich ausdr\u00fccklich vor, jederzeit Inhalte ohne Ank\u00fcndigung ganz oder teilweise zu \u00e4ndern, zu l\u00f6schen oder zeitweise nicht zu ver\u00f6ffentlichen.<\/p>\n<p>Haftungsanspr\u00fcche gegen die Stiftung wegen Sch\u00e4den materieller oder immaterieller Art, welche aus dem Zugriff oder der Nutzung bzw. Nichtnutzung der ver\u00f6ffentlichten Informationen, durch Missbrauch der Verbindung oder durch technische St\u00f6rungen entstanden sind, werden ausgeschlossen.<\/p>\n<p><strong>Verweise\/Links<\/strong><br \/>References and links to third-party websites are outside the scope of responsibility of the Foundation. Der Zugriff und die Nutzung solcher Webseiten erfolgen auf eigene Gefahr des Nutzers oder der Nutzerin. Die Stiftung erkl\u00e4rt ausdr\u00fccklich, dass sie keinerlei Einfluss auf die Gestaltung, den Inhalt und die Angebote der verkn\u00fcpften Seiten hat. Informationen und Dienstleistungen von verkn\u00fcpften Webseiten liegen vollumf\u00e4nglich in der Verantwortung des jeweiligen Dritten. Es wird jegliche Verantwortung f\u00fcr solche Webseiten abgelehnt.<\/p>\n<p><strong>Copyright\/Nutzungsrechte<\/strong><br \/>The copyright and all other rights to the content, images, photos or other files on the Foundation&#8217;s websites are the exclusive property of the Foundation, unless otherwise stated.<\/p>\n<p>Die auf den Webseiten der Stiftung enthaltenen Informationen werden der \u00d6ffentlichkeit zug\u00e4nglich gemacht. Durch das Herunterladen oder Kopieren von Inhalten, Bildern, Fotos oder anderen Dateien werden keinerlei Rechte bez\u00fcglich der Inhalte \u00fcbertragen.<\/p>\n\t\t\t\t\t\t\t\t<\/div>\n\t\t\t\t\t<\/div>\n\t\t<\/div>\n\t\t\t\t\t<\/div>\n\t\t<\/section>\n\t\t\t\t<\/div>\n\t\t","protected":false},"excerpt":{"rendered":"<p>Legal Notice Responsible for the content of this websiteVision Aid Suisse Foundation Foundation headquartersLauriedstrasse 1CH-6300 ZugE-Mail: mail@visionaid.ch Mitglieder des Stiftungsrats:Herr Dr. Peter Schie\u00dfl (Pr\u00e4sident)Frau Tanja SpiegelHerr Richard ZoniHerr Marco SalaHerr Max Belevics HaftungObwohl die Stiftung mit aller Sorgfalt auf die Richtigkeit der ver\u00f6ffentlichten Informationen achtet, kann hinsichtlich der inhaltlichen Richtigkeit, Genauigkeit, Aktualit\u00e4t, Zuverl\u00e4ssigkeit und Vollst\u00e4ndigkeit [&hellip;]<\/p>\n","protected":false},"author":1,"featured_media":0,"parent":0,"menu_order":0,"comment_status":"closed","ping_status":"closed","template":"","meta":{"_acf_changed":false,"footnotes":""},"class_list":["post-1322","page","type-page","status-publish","hentry"],"acf":[],"yoast_head":"<!-- This site is optimized with the Yoast SEO plugin v26.2 - https:\/\/yoast.com\/wordpress\/plugins\/seo\/ -->\n<title>Legal Notice - Vision Aid Suisse<\/title>\n<meta name=\"robots\" content=\"index, follow, max-snippet:-1, max-image-preview:large, max-video-preview:-1\" \/>\n<link rel=\"canonical\" href=\"https:\/\/visionaid.ch\/en\/imprint\/\" \/>\n<meta property=\"og:locale\" content=\"en_US\" \/>\n<meta property=\"og:type\" content=\"article\" \/>\n<meta property=\"og:title\" content=\"Legal Notice - Vision Aid Suisse\" \/>\n<meta property=\"og:description\" content=\"Legal Notice Responsible for the content of this websiteVision Aid Suisse Foundation Foundation headquartersLauriedstrasse 1CH-6300 ZugE-Mail: mail@visionaid.ch Mitglieder des Stiftungsrats:Herr Dr. Peter Schie\u00dfl (Pr\u00e4sident)Frau Tanja SpiegelHerr Richard ZoniHerr Marco SalaHerr Max Belevics HaftungObwohl die Stiftung mit aller Sorgfalt auf die Richtigkeit der ver\u00f6ffentlichten Informationen achtet, kann hinsichtlich der inhaltlichen Richtigkeit, Genauigkeit, Aktualit\u00e4t, Zuverl\u00e4ssigkeit und Vollst\u00e4ndigkeit [&hellip;]\" \/>\n<meta property=\"og:url\" content=\"https:\/\/visionaid.ch\/en\/imprint\/\" \/>\n<meta property=\"og:site_name\" content=\"Vision Aid Suisse\" \/>\n<meta property=\"article:modified_time\" content=\"2023-02-22T11:01:12+00:00\" \/>\n<meta name=\"twitter:card\" content=\"summary_large_image\" \/>\n<meta name=\"twitter:label1\" content=\"Est. reading time\" \/>\n\t<meta name=\"twitter:data1\" content=\"2 minutes\" \/>\n<script type=\"application\/ld+json\" class=\"yoast-schema-graph\">{\"@context\":\"https:\/\/schema.org\",\"@graph\":[{\"@type\":\"WebPage\",\"@id\":\"https:\/\/visionaid.ch\/en\/imprint\/\",\"url\":\"https:\/\/visionaid.ch\/en\/imprint\/\",\"name\":\"Legal Notice - Vision Aid Suisse\",\"isPartOf\":{\"@id\":\"https:\/\/visionaid.ch\/en\/#website\"},\"datePublished\":\"2022-08-09T10:01:59+00:00\",\"dateModified\":\"2023-02-22T11:01:12+00:00\",\"breadcrumb\":{\"@id\":\"https:\/\/visionaid.ch\/en\/imprint\/#breadcrumb\"},\"inLanguage\":\"en-US\",\"potentialAction\":[{\"@type\":\"ReadAction\",\"target\":[\"https:\/\/visionaid.ch\/en\/imprint\/\"]}]},{\"@type\":\"BreadcrumbList\",\"@id\":\"https:\/\/visionaid.ch\/en\/imprint\/#breadcrumb\",\"itemListElement\":[{\"@type\":\"ListItem\",\"position\":1,\"name\":\"Startseite\",\"item\":\"https:\/\/visionaid.ch\/en\/home\/\"},{\"@type\":\"ListItem\",\"position\":2,\"name\":\"Legal Notice\"}]},{\"@type\":\"WebSite\",\"@id\":\"https:\/\/visionaid.ch\/en\/#website\",\"url\":\"https:\/\/visionaid.ch\/en\/\",\"name\":\"Vision Aid Suisse\",\"description\":\"Aid is here.\",\"publisher\":{\"@id\":\"https:\/\/visionaid.ch\/en\/#organization\"},\"potentialAction\":[{\"@type\":\"SearchAction\",\"target\":{\"@type\":\"EntryPoint\",\"urlTemplate\":\"https:\/\/visionaid.ch\/en\/?s={search_term_string}\"},\"query-input\":{\"@type\":\"PropertyValueSpecification\",\"valueRequired\":true,\"valueName\":\"search_term_string\"}}],\"inLanguage\":\"en-US\"},{\"@type\":\"Organization\",\"@id\":\"https:\/\/visionaid.ch\/en\/#organization\",\"name\":\"VisionAid Suisse\",\"url\":\"https:\/\/visionaid.ch\/en\/\",\"logo\":{\"@type\":\"ImageObject\",\"inLanguage\":\"en-US\",\"@id\":\"https:\/\/visionaid.ch\/en\/#\/schema\/logo\/image\/\",\"url\":\"https:\/\/visionaid.ch\/wp-content\/uploads\/2022\/08\/VAS-SC-WPM-LE-XL-W-web-logo.svg\",\"contentUrl\":\"https:\/\/visionaid.ch\/wp-content\/uploads\/2022\/08\/VAS-SC-WPM-LE-XL-W-web-logo.svg\",\"width\":190,\"height\":106,\"caption\":\"VisionAid Suisse\"},\"image\":{\"@id\":\"https:\/\/visionaid.ch\/en\/#\/schema\/logo\/image\/\"}}]}<\/script>\n<!-- \/ Yoast SEO plugin. -->","yoast_head_json":{"title":"Legal Notice - Vision Aid Suisse","robots":{"index":"index","follow":"follow","max-snippet":"max-snippet:-1","max-image-preview":"max-image-preview:large","max-video-preview":"max-video-preview:-1"},"canonical":"https:\/\/visionaid.ch\/en\/imprint\/","og_locale":"en_US","og_type":"article","og_title":"Legal Notice - Vision Aid Suisse","og_description":"Legal Notice Responsible for the content of this websiteVision Aid Suisse Foundation Foundation headquartersLauriedstrasse 1CH-6300 ZugE-Mail: mail@visionaid.ch Mitglieder des Stiftungsrats:Herr Dr. Peter Schie\u00dfl (Pr\u00e4sident)Frau Tanja SpiegelHerr Richard ZoniHerr Marco SalaHerr Max Belevics HaftungObwohl die Stiftung mit aller Sorgfalt auf die Richtigkeit der ver\u00f6ffentlichten Informationen achtet, kann hinsichtlich der inhaltlichen Richtigkeit, Genauigkeit, Aktualit\u00e4t, Zuverl\u00e4ssigkeit und Vollst\u00e4ndigkeit [&hellip;]","og_url":"https:\/\/visionaid.ch\/en\/imprint\/","og_site_name":"Vision Aid Suisse","article_modified_time":"2023-02-22T11:01:12+00:00","twitter_card":"summary_large_image","twitter_misc":{"Est. reading time":"2 minutes"},"schema":{"@context":"https:\/\/schema.org","@graph":[{"@type":"WebPage","@id":"https:\/\/visionaid.ch\/en\/imprint\/","url":"https:\/\/visionaid.ch\/en\/imprint\/","name":"Legal Notice - Vision Aid Suisse","isPartOf":{"@id":"https:\/\/visionaid.ch\/en\/#website"},"datePublished":"2022-08-09T10:01:59+00:00","dateModified":"2023-02-22T11:01:12+00:00","breadcrumb":{"@id":"https:\/\/visionaid.ch\/en\/imprint\/#breadcrumb"},"inLanguage":"en-US","potentialAction":[{"@type":"ReadAction","target":["https:\/\/visionaid.ch\/en\/imprint\/"]}]},{"@type":"BreadcrumbList","@id":"https:\/\/visionaid.ch\/en\/imprint\/#breadcrumb","itemListElement":[{"@type":"ListItem","position":1,"name":"Startseite","item":"https:\/\/visionaid.ch\/en\/home\/"},{"@type":"ListItem","position":2,"name":"Legal Notice"}]},{"@type":"WebSite","@id":"https:\/\/visionaid.ch\/en\/#website","url":"https:\/\/visionaid.ch\/en\/","name":"Vision Aid Suisse","description":"Aid is here.","publisher":{"@id":"https:\/\/visionaid.ch\/en\/#organization"},"potentialAction":[{"@type":"SearchAction","target":{"@type":"EntryPoint","urlTemplate":"https:\/\/visionaid.ch\/en\/?s={search_term_string}"},"query-input":{"@type":"PropertyValueSpecification","valueRequired":true,"valueName":"search_term_string"}}],"inLanguage":"en-US"},{"@type":"Organization","@id":"https:\/\/visionaid.ch\/en\/#organization","name":"VisionAid Suisse","url":"https:\/\/visionaid.ch\/en\/","logo":{"@type":"ImageObject","inLanguage":"en-US","@id":"https:\/\/visionaid.ch\/en\/#\/schema\/logo\/image\/","url":"https:\/\/visionaid.ch\/wp-content\/uploads\/2022\/08\/VAS-SC-WPM-LE-XL-W-web-logo.svg","contentUrl":"https:\/\/visionaid.ch\/wp-content\/uploads\/2022\/08\/VAS-SC-WPM-LE-XL-W-web-logo.svg","width":190,"height":106,"caption":"VisionAid Suisse"},"image":{"@id":"https:\/\/visionaid.ch\/en\/#\/schema\/logo\/image\/"}}]}},"_links":{"self":[{"href":"https:\/\/visionaid.ch\/en\/wp-json\/wp\/v2\/pages\/1322","targetHints":{"allow":["GET"]}}],"collection":[{"href":"https:\/\/visionaid.ch\/en\/wp-json\/wp\/v2\/pages"}],"about":[{"href":"https:\/\/visionaid.ch\/en\/wp-json\/wp\/v2\/types\/page"}],"author":[{"embeddable":true,"href":"https:\/\/visionaid.ch\/en\/wp-json\/wp\/v2\/users\/1"}],"replies":[{"embeddable":true,"href":"https:\/\/visionaid.ch\/en\/wp-json\/wp\/v2\/comments?post=1322"}],"version-history":[{"count":15,"href":"https:\/\/visionaid.ch\/en\/wp-json\/wp\/v2\/pages\/1322\/revisions"}],"predecessor-version":[{"id":1951,"href":"https:\/\/visionaid.ch\/en\/wp-json\/wp\/v2\/pages\/1322\/revisions\/1951"}],"wp:attachment":[{"href":"https:\/\/visionaid.ch\/en\/wp-json\/wp\/v2\/media?parent=1322"}],"curies":[{"name":"wp","href":"https:\/\/api.w.org\/{rel}","templated":true}]}}